{"id":50,"date":"2026-02-19T08:49:19","date_gmt":"2026-02-19T08:49:19","guid":{"rendered":"https:\/\/spots.hr\/web\/?page_id=50"},"modified":"2026-03-02T13:15:23","modified_gmt":"2026-03-02T13:15:23","slug":"kontakt","status":"publish","type":"page","link":"https:\/\/spots.hr\/web\/kontakt\/","title":{"rendered":"Kontakt"},"content":{"rendered":"\n<div class=\"wp-block-columns is-layout-flex wp-container-core-columns-is-layout-9d6595d7 wp-block-columns-is-layout-flex\">\n<div class=\"wp-block-column is-layout-flow wp-block-column-is-layout-flow\">\n<p><img loading=\"lazy\" decoding=\"async\" width=\"150\" height=\"60\" class=\"wp-image-18\" style=\"width: 150px;\" src=\"https:\/\/spots.hr\/web\/wp-content\/uploads\/2026\/02\/cropped-Logo1-2.png\" alt=\"\" srcset=\"https:\/\/spots.hr\/web\/wp-content\/uploads\/2026\/02\/cropped-Logo1-2.png 945w, https:\/\/spots.hr\/web\/wp-content\/uploads\/2026\/02\/cropped-Logo1-2-300x120.png 300w, https:\/\/spots.hr\/web\/wp-content\/uploads\/2026\/02\/cropped-Logo1-2-768x306.png 768w\" sizes=\"auto, (max-width: 150px) 100vw, 150px\" \/><br>obrt za grafi\u010dke usluge i trgovinu<br>Mosorska 13<br>31500 Na\u0161ice<br>OIB:37795821760<br>IBAN: HR6024070001100558742 OTP banka d.d.<br>SWIFT: OTPVHR2X<br>tel: 031 670 715<br>e-mail: <a href=\"mailto:spotsprodaja@gmail.com\">spotsprodaja@gmail.com<\/a><\/p>\n\n\n\n<p>Radno vrijeme:<br>Ponedjeljak &#8211; Petak<br>8:00 do 16:00<br>Subota, nedjelja i praznici<br>Ne radimo<\/p>\n\n\n\n<p><\/p>\n<\/div>\n\n\n\n<div class=\"wp-block-column is-layout-flow wp-block-column-is-layout-flow\">\n<iframe src=\"https:\/\/www.google.com\/maps\/embed?pb=!1m18!1m12!1m3!1d3346.7456568212733!2d18.1030585908922!3d45.49306355693911!2m3!1f0!2f0!3f0!3m2!1i1024!2i768!4f13.1!3m3!1m2!1s0x475d0d4ac28d3235%3A0x757ec4b1d4c2bb88!2sSPOTS%2C%20obrt%20za%20grafi%C4%8Dke%20usluge%20i%20trgovinu!5e1!3m2!1sen!2shr!4v1771858182858!5m2!1sen!2shr\" width=\"600\" height=\"450\" style=\"border:0;\" allowfullscreen=\"\" loading=\"lazy\" referrerpolicy=\"no-referrer-when-downgrade\"><\/iframe>\n<\/div>\n<\/div>\n\n\n\n<div class=\"wp-block-contact-form-7-contact-form-selector\">\n<div class=\"wpcf7 no-js\" id=\"wpcf7-f49-o1\" lang=\"en-US\" dir=\"ltr\" data-wpcf7-id=\"49\">\n<div class=\"screen-reader-response\"><p role=\"status\" aria-live=\"polite\" aria-atomic=\"true\"><\/p> <ul><\/ul><\/div>\n<form action=\"\/web\/wp-json\/wp\/v2\/pages\/50#wpcf7-f49-o1\" method=\"post\" class=\"wpcf7-form init\" aria-label=\"Contact form\" novalidate=\"novalidate\" data-status=\"init\">\n<fieldset class=\"hidden-fields-container\"><input type=\"hidden\" name=\"_wpcf7\" value=\"49\" \/><input type=\"hidden\" name=\"_wpcf7_version\" value=\"6.1.5\" \/><input type=\"hidden\" name=\"_wpcf7_locale\" value=\"en_US\" \/><input type=\"hidden\" name=\"_wpcf7_unit_tag\" value=\"wpcf7-f49-o1\" \/><input type=\"hidden\" name=\"_wpcf7_container_post\" value=\"0\" \/><input type=\"hidden\" name=\"_wpcf7_posted_data_hash\" value=\"\" \/>\n<\/fieldset>\n<p>Po\u0161aljite nam poruku, javit \u0107emo se u najbr\u017eem mogu\u0107em roku.<br \/>\n<label> Ime<br \/>\n<span class=\"wpcf7-form-control-wrap\" data-name=\"your-name\"><input size=\"40\" maxlength=\"400\" class=\"wpcf7-form-control wpcf7-text wpcf7-validates-as-required\" autocomplete=\"name\" aria-required=\"true\" aria-invalid=\"false\" value=\"\" type=\"text\" name=\"your-name\" \/><\/span> <\/label>\n<\/p>\n<p><label> E-mail<br \/>\n<span class=\"wpcf7-form-control-wrap\" data-name=\"your-email\"><input size=\"40\" maxlength=\"400\" class=\"wpcf7-form-control wpcf7-email wpcf7-validates-as-required wpcf7-text wpcf7-validates-as-email\" autocomplete=\"email\" aria-required=\"true\" aria-invalid=\"false\" value=\"\" type=\"email\" name=\"your-email\" \/><\/span> <\/label>\n<\/p>\n<p><label> Poruka<br \/>\n<span class=\"wpcf7-form-control-wrap\" data-name=\"your-message\"><textarea cols=\"40\" rows=\"10\" maxlength=\"2000\" class=\"wpcf7-form-control wpcf7-textarea\" aria-invalid=\"false\" name=\"your-message\"><\/textarea><\/span> <\/label>\n<\/p>\n<p><input class=\"wpcf7-form-control wpcf7-submit has-spinner\" type=\"submit\" value=\"Po\u0161alji\" \/>\n<\/p><div class=\"wpcf7-response-output\" aria-hidden=\"true\"><\/div>\n<\/form>\n<\/div>\n<\/div>\n","protected":false},"excerpt":{"rendered":"<p>obrt za grafi\u010dke usluge i trgovinuMosorska 1331500 Na\u0161iceOIB:37795821760IBAN: HR6024070001100558742 OTP banka d.d.SWIFT: OTPVHR2Xtel: 031 670 715e-mail: spotsprodaja@gmail.com Radno vrijeme:Ponedjeljak &#8211; Petak8:00 do 16:00Subota, nedjelja i prazniciNe radimo<\/p>\n","protected":false},"author":1,"featured_media":0,"parent":0,"menu_order":0,"comment_status":"closed","ping_status":"closed","template":"","meta":{"pgc_sgb_lightbox_settings":"","_kad_post_transparent":"","_kad_post_title":"","_kad_post_layout":"","_kad_post_sidebar_id":"","_kad_post_content_style":"","_kad_post_vertical_padding":"","_kad_post_feature":"","_kad_post_feature_position":"","_kad_post_header":false,"_kad_post_footer":false,"_kad_post_classname":"","footnotes":""},"class_list":["post-50","page","type-page","status-publish","hentry"],"_links":{"self":[{"href":"https:\/\/spots.hr\/web\/wp-json\/wp\/v2\/pages\/50","targetHints":{"allow":["GET"]}}],"collection":[{"href":"https:\/\/spots.hr\/web\/wp-json\/wp\/v2\/pages"}],"about":[{"href":"https:\/\/spots.hr\/web\/wp-json\/wp\/v2\/types\/page"}],"author":[{"embeddable":true,"href":"https:\/\/spots.hr\/web\/wp-json\/wp\/v2\/users\/1"}],"replies":[{"embeddable":true,"href":"https:\/\/spots.hr\/web\/wp-json\/wp\/v2\/comments?post=50"}],"version-history":[{"count":12,"href":"https:\/\/spots.hr\/web\/wp-json\/wp\/v2\/pages\/50\/revisions"}],"predecessor-version":[{"id":261,"href":"https:\/\/spots.hr\/web\/wp-json\/wp\/v2\/pages\/50\/revisions\/261"}],"wp:attachment":[{"href":"https:\/\/spots.hr\/web\/wp-json\/wp\/v2\/media?parent=50"}],"curies":[{"name":"wp","href":"https:\/\/api.w.org\/{rel}","templated":true}]}}